{"id":1539,"date":"2021-04-23T09:38:32","date_gmt":"2021-04-23T08:38:32","guid":{"rendered":"https:\/\/watercutsl.com\/watergreen\/"},"modified":"2021-05-04T10:12:25","modified_gmt":"2021-05-04T09:12:25","slug":"watergreen","status":"publish","type":"page","link":"https:\/\/watercutsl.com\/en\/watergreen\/","title":{"rendered":"Watergreen"},"content":{"rendered":"\n<div class=\"aligncenter wp-block-ugb-container ugb-container no-padding ugb-b8043cd ugb-container--v2 ugb-container--design-plain ugb-main-block\" id=\"description\"><style>.ugb-b8043cd .ugb-inner-block{text-align:left}.ugb-b8043cd.ugb-container{padding-top:0px !important;padding-bottom:0px !important}@media screen and (max-width:1025px){.ugb-b8043cd-content-wrapper.ugb-container__content-wrapper{width:100% !important}.ugb-b8043cd.ugb-container{padding-top:0px !important;padding-bottom:0px !important}}@media screen and (max-width:768px){.ugb-b8043cd-content-wrapper.ugb-container__content-wrapper{width:100% !important}}<\/style><div class=\"ugb-inner-block\"><div class=\"ugb-block-content\"><div class=\"ugb-container__wrapper ugb-b8043cd-wrapper\"><div class=\"ugb-container__side\"><div class=\"ugb-container__content-wrapper ugb-b8043cd-content-wrapper\">\n<p>We promote circular manufacturing measures with innovative designs, recyclable materials, reusable and optimised packaging, always with costs in mind.<\/p>\n\n\n\n<p>We develop and implement environmentally-friendly packaging solutions, to achieve a circular economy by following the rules of the 7 Rs of sustainability:<\/p>\n\n\n\n<div class=\"wp-block-ugb-spacer ugb-spacer ugb-559acc4 ugb-spacer--v2 ugb-main-block\" id=\"\"><style>.ugb-559acc4.ugb-spacer{height:22px}<\/style><div class=\"ugb-inner-block\"><div class=\"ugb-block-content\"><div class=\"ugb-spacer--inner\"><\/div><\/div><\/div><\/div>\n<\/div><\/div><\/div><\/div><\/div><\/div>\n\n\n\n<div class=\"wp-block-image watergreen-image\"><figure class=\"aligncenter size-large\"><img loading=\"lazy\" decoding=\"async\" width=\"495\" height=\"492\" src=\"https:\/\/watercutsl.com\/content\/uploads\/2020\/07\/watergreen-circulo.png\" alt=\"\" class=\"wp-image-317\" srcset=\"https:\/\/watercutsl.com\/content\/uploads\/2020\/07\/watergreen-circulo.png 495w, https:\/\/watercutsl.com\/content\/uploads\/2020\/07\/watergreen-circulo-300x298.png 300w, https:\/\/watercutsl.com\/content\/uploads\/2020\/07\/watergreen-circulo-150x150.png 150w\" sizes=\"auto, (max-width: 495px) 100vw, 495px\" \/><\/figure><\/div>\n\n\n\n<div class=\"wp-block-image watergreen-image\"><figure class=\"aligncenter size-large\"><img loading=\"lazy\" decoding=\"async\" width=\"588\" height=\"106\" src=\"https:\/\/watercutsl.com\/content\/uploads\/2020\/07\/watergreen-logo.png\" alt=\"\" class=\"wp-image-319\" srcset=\"https:\/\/watercutsl.com\/content\/uploads\/2020\/07\/watergreen-logo.png 588w, https:\/\/watercutsl.com\/content\/uploads\/2020\/07\/watergreen-logo-300x54.png 300w\" sizes=\"auto, (max-width: 588px) 100vw, 588px\" \/><\/figure><\/div>\n\n\n\n<div class=\"wp-block-ugb-spacer ugb-spacer ugb-0d45a1c ugb-spacer--v2 ugb-main-block\" id=\"\"><style>.ugb-0d45a1c.ugb-spacer{height:22px}<\/style><div class=\"ugb-inner-block\"><div class=\"ugb-block-content\"><div class=\"ugb-spacer--inner\"><\/div><\/div><\/div><\/div>\n\n\n\n<div class=\"wp-block-columns iconos is-layout-flex wp-container-core-columns-is-layout-9d6595d7 wp-block-columns-is-layout-flex\">\n<div class=\"wp-block-column is-layout-flow wp-block-column-is-layout-flow\">\n<div class=\"wp-block-group\"><div class=\"wp-block-group__inner-container is-layout-flow wp-block-group-is-layout-flow\">\n<figure class=\"wp-block-image size-large\"><img loading=\"lazy\" decoding=\"async\" width=\"120\" height=\"120\" src=\"https:\/\/watercutsl.com\/content\/uploads\/2021\/05\/redisen\u0303ar-icono.png\" alt=\"\" class=\"wp-image-2046\"\/><figcaption><br><\/figcaption><\/figure>\n\n\n\n<div class=\"wp-block-group\"><div class=\"wp-block-group__inner-container is-layout-flow wp-block-group-is-layout-flow\">\n<h4 class=\"wp-block-heading\">Redise\u00f1ar<\/h4>\n\n\n\n<p>El dise\u00f1o de la soluci\u00f3n de embalaje es funcional y sostenible, se fabrica teniendo en cuenta las consecuencias medioambientales; aplicando dise\u00f1os y materiales \u00f3ptimos para su posterior reciclaje.<\/p>\n<\/div><\/div>\n<\/div><\/div>\n<\/div>\n\n\n\n<div class=\"wp-block-column is-layout-flow wp-block-column-is-layout-flow\">\n<div class=\"wp-block-group\"><div class=\"wp-block-group__inner-container is-layout-flow wp-block-group-is-layout-flow\">\n<figure class=\"wp-block-image size-large\"><img loading=\"lazy\" decoding=\"async\" width=\"58\" height=\"63\" src=\"https:\/\/watercutsl.com\/content\/uploads\/2020\/07\/reducir-icono.png\" alt=\"\" class=\"wp-image-331\"\/><figcaption><br><\/figcaption><\/figure>\n\n\n\n<div class=\"wp-block-group\"><div class=\"wp-block-group__inner-container is-layout-flow wp-block-group-is-layout-flow\">\n<h4 class=\"wp-block-heading\">Reduce<\/h4>\n\n\n\n<p>Reducing the number of products will generate less waste, resulting in less expense and less impact on the environment. <\/p>\n\n\n\n<p>Packaging manufacturing is more intelligent, optimising packaging for example: several series of parts are protected by a single packaging or it contains more items.<\/p>\n\n\n\n<p><\/p>\n<\/div><\/div>\n<\/div><\/div>\n<\/div>\n\n\n\n<div class=\"wp-block-column is-layout-flow wp-block-column-is-layout-flow\">\n<div class=\"wp-block-group\"><div class=\"wp-block-group__inner-container is-layout-flow wp-block-group-is-layout-flow\">\n<figure class=\"wp-block-image size-large\"><img loading=\"lazy\" decoding=\"async\" width=\"64\" height=\"73\" src=\"https:\/\/watercutsl.com\/content\/uploads\/2020\/07\/reutilizar-icono.png\" alt=\"\" class=\"wp-image-337\"\/><figcaption><br><\/figcaption><\/figure>\n\n\n\n<div class=\"wp-block-group\"><div class=\"wp-block-group__inner-container is-layout-flow wp-block-group-is-layout-flow\">\n<h4 class=\"wp-block-heading\">Reuse<\/h4>\n\n\n\n<p>Extends the life of our products manufactured with reusable packaging, achieving savings and curbing the production of excess waste.<\/p>\n\n\n\n<p>In addition, manufactured articles that have completed their main use can have a second life giving them a new use.<\/p>\n\n\n\n<p><\/p>\n<\/div><\/div>\n<\/div><\/div>\n<\/div>\n<\/div>\n\n\n\n<div class=\"wp-block-columns iconos is-layout-flex wp-container-core-columns-is-layout-9d6595d7 wp-block-columns-is-layout-flex\">\n<div class=\"wp-block-column is-layout-flow wp-block-column-is-layout-flow\">\n<div class=\"wp-block-group\"><div class=\"wp-block-group__inner-container is-layout-flow wp-block-group-is-layout-flow\">\n<figure class=\"wp-block-image size-large\"><img loading=\"lazy\" decoding=\"async\" width=\"44\" height=\"73\" src=\"https:\/\/watercutsl.com\/content\/uploads\/2020\/07\/reparar-icono.png\" alt=\"\" class=\"wp-image-335\"\/><figcaption><br><\/figcaption><\/figure>\n\n\n\n<div class=\"wp-block-group\"><div class=\"wp-block-group__inner-container is-layout-flow wp-block-group-is-layout-flow\">\n<h4 class=\"wp-block-heading\">Repair<\/h4>\n\n\n\n<p>Cost savings are often achieved by repairing a packaging system instead of manufacturing a new one, thus reducing the environmental impact.<\/p>\n<\/div><\/div>\n<\/div><\/div>\n\n\n\n<p><\/p>\n<\/div>\n\n\n\n<div class=\"wp-block-column is-layout-flow wp-block-column-is-layout-flow\">\n<div class=\"wp-block-group\"><div class=\"wp-block-group__inner-container is-layout-flow wp-block-group-is-layout-flow\">\n<figure class=\"wp-block-image size-large\"><img loading=\"lazy\" decoding=\"async\" width=\"70\" height=\"66\" src=\"https:\/\/watercutsl.com\/content\/uploads\/2020\/07\/renovar-icono.png\" alt=\"\" class=\"wp-image-333\"\/><figcaption><br><\/figcaption><\/figure>\n\n\n\n<div class=\"wp-block-group\"><div class=\"wp-block-group__inner-container is-layout-flow wp-block-group-is-layout-flow\">\n<h4 class=\"wp-block-heading\">Renew<\/h4>\n\n\n\n<p>Try to revive old packaging to make it useful once again for what it was manufactured for, or reuse it so that it is useful for other applications.<\/p>\n\n\n\n<p><\/p>\n<\/div><\/div>\n<\/div><\/div>\n<\/div>\n\n\n\n<div class=\"wp-block-column is-layout-flow wp-block-column-is-layout-flow\">\n<div class=\"wp-block-group\"><div class=\"wp-block-group__inner-container is-layout-flow wp-block-group-is-layout-flow\">\n<figure class=\"wp-block-image size-large\"><img loading=\"lazy\" decoding=\"async\" width=\"70\" height=\"75\" src=\"https:\/\/watercutsl.com\/content\/uploads\/2020\/07\/recuperar-icono.png\" alt=\"\" class=\"wp-image-327\"\/><figcaption><br><\/figcaption><\/figure>\n\n\n\n<div class=\"wp-block-group\"><div class=\"wp-block-group__inner-container is-layout-flow wp-block-group-is-layout-flow\">\n<h4 class=\"wp-block-heading\">Recover<\/h4>\n\n\n\n<p>Used materials are reintroduced into the production process as raw material to manufacture new products.<\/p>\n<\/div><\/div>\n<\/div><\/div>\n<\/div>\n\n\n\n<div class=\"wp-block-column is-layout-flow wp-block-column-is-layout-flow\">\n<div class=\"wp-block-group\"><div class=\"wp-block-group__inner-container is-layout-flow wp-block-group-is-layout-flow\">\n<figure class=\"wp-block-image size-large\"><img loading=\"lazy\" decoding=\"async\" width=\"71\" height=\"65\" src=\"https:\/\/watercutsl.com\/content\/uploads\/2020\/07\/reciclar-icono.png\" alt=\"\" class=\"wp-image-325\"\/><figcaption><br><\/figcaption><\/figure>\n\n\n\n<div class=\"wp-block-group\"><div class=\"wp-block-group__inner-container is-layout-flow wp-block-group-is-layout-flow\">\n<h4 class=\"wp-block-heading\">Redesign<\/h4>\n\n\n\n<p>Waste enters the recycling process and is classified and treated by type. It is then reintroduced in the different production processes as raw material for new packaging.<\/p>\n<\/div><\/div>\n<\/div><\/div>\n<\/div>\n<\/div>\n","protected":false},"excerpt":{"rendered":"<p>We promote circular manufacturing measures with innovative designs, recyclable materials, reusable and optimised packaging, always with costs in mind. We develop and implement environmentally-friendly packaging solutions, to achieve a circular economy by following the rules of the 7 Rs of sustainability: Reduce Reducing the number of products will generate less waste, resulting in less expense [&hellip;]<\/p>\n","protected":false},"author":2,"featured_media":271,"parent":1565,"menu_order":0,"comment_status":"closed","ping_status":"closed","template":"materials-solutions","meta":{"inline_featured_image":false,"footnotes":""},"class_list":["post-1539","page","type-page","status-publish","has-post-thumbnail","hentry"],"featured_image_urls_v2":{"full":["https:\/\/watercutsl.com\/content\/uploads\/2020\/07\/watergreen.jpg",651,411,false],"thumbnail":["https:\/\/watercutsl.com\/content\/uploads\/2020\/07\/watergreen-150x150.jpg",150,150,true],"medium":["https:\/\/watercutsl.com\/content\/uploads\/2020\/07\/watergreen-300x189.jpg",300,189,true],"medium_large":["https:\/\/watercutsl.com\/content\/uploads\/2020\/07\/watergreen.jpg",640,404,false],"large":["https:\/\/watercutsl.com\/content\/uploads\/2020\/07\/watergreen.jpg",640,404,false],"1536x1536":["https:\/\/watercutsl.com\/content\/uploads\/2020\/07\/watergreen.jpg",651,411,false],"2048x2048":["https:\/\/watercutsl.com\/content\/uploads\/2020\/07\/watergreen.jpg",651,411,false],"product-card":["https:\/\/watercutsl.com\/content\/uploads\/2020\/07\/watergreen-250x330.jpg",250,330,true]},"post_excerpt_stackable_v2":"<p>We promote circular manufacturing measures with innovative designs, recyclable materials, reusable and optimised packaging, always with costs in mind. We develop and implement environmentally-friendly packaging solutions, to achieve a circular economy by following the rules of the 7 Rs of sustainability: Redise\u00f1ar El dise\u00f1o de la soluci\u00f3n de embalaje es funcional y sostenible, se fabrica teniendo en cuenta las consecuencias medioambientales; aplicando dise\u00f1os y materiales \u00f3ptimos para su posterior reciclaje. Reduce Reducing the number of products will generate less waste, resulting in less expense and less impact on the environment. Packaging manufacturing is more intelligent, optimising packaging for example: several&hellip;<\/p>\n","category_list_v2":"","author_info_v2":{"name":"WatercutSL","url":"https:\/\/watercutsl.com\/en\/author\/watercut\/"},"comments_num_v2":"0 comments","yoast_head":"<!-- This site is optimized with the Yoast SEO plugin v27.3 - https:\/\/yoast.com\/product\/yoast-seo-wordpress\/ -->\n<title>Watergreen - Watercut<\/title>\n<meta name=\"robots\" content=\"index, follow, max-snippet:-1, max-image-preview:large, max-video-preview:-1\" \/>\n<link rel=\"canonical\" href=\"https:\/\/watercutsl.com\/en\/watergreen\/\" \/>\n<meta property=\"og:locale\" content=\"en_US\" \/>\n<meta property=\"og:type\" content=\"article\" \/>\n<meta property=\"og:title\" content=\"Watergreen - Watercut\" \/>\n<meta property=\"og:description\" content=\"We promote circular manufacturing measures with innovative designs, recyclable materials, reusable and optimised packaging, always with costs in mind. We develop and implement environmentally-friendly packaging solutions, to achieve a circular economy by following the rules of the 7 Rs of sustainability: Reduce Reducing the number of products will generate less waste, resulting in less expense [&hellip;]\" \/>\n<meta property=\"og:url\" content=\"https:\/\/watercutsl.com\/en\/watergreen\/\" \/>\n<meta property=\"og:site_name\" content=\"Watercut\" \/>\n<meta property=\"article:modified_time\" content=\"2021-05-04T09:12:25+00:00\" \/>\n<meta property=\"og:image\" content=\"https:\/\/watercutsl.com\/content\/uploads\/2020\/07\/watergreen.jpg\" \/>\n\t<meta property=\"og:image:width\" content=\"651\" \/>\n\t<meta property=\"og:image:height\" content=\"411\" \/>\n\t<meta property=\"og:image:type\" content=\"image\/jpeg\" \/>\n<meta name=\"twitter:card\" content=\"summary_large_image\" \/>\n<meta name=\"twitter:label1\" content=\"Est. reading time\" \/>\n\t<meta name=\"twitter:data1\" content=\"1 minute\" \/>\n<script type=\"application\/ld+json\" class=\"yoast-schema-graph\">{\"@context\":\"https:\\\/\\\/schema.org\",\"@graph\":[{\"@type\":\"WebPage\",\"@id\":\"https:\\\/\\\/watercutsl.com\\\/en\\\/watergreen\\\/\",\"url\":\"https:\\\/\\\/watercutsl.com\\\/en\\\/watergreen\\\/\",\"name\":\"Watergreen - Watercut\",\"isPartOf\":{\"@id\":\"https:\\\/\\\/watercutsl.com\\\/en\\\/#website\"},\"primaryImageOfPage\":{\"@id\":\"https:\\\/\\\/watercutsl.com\\\/en\\\/watergreen\\\/#primaryimage\"},\"image\":{\"@id\":\"https:\\\/\\\/watercutsl.com\\\/en\\\/watergreen\\\/#primaryimage\"},\"thumbnailUrl\":\"https:\\\/\\\/watercutsl.com\\\/content\\\/uploads\\\/2020\\\/07\\\/watergreen.jpg\",\"datePublished\":\"2021-04-23T08:38:32+00:00\",\"dateModified\":\"2021-05-04T09:12:25+00:00\",\"breadcrumb\":{\"@id\":\"https:\\\/\\\/watercutsl.com\\\/en\\\/watergreen\\\/#breadcrumb\"},\"inLanguage\":\"en-US\",\"potentialAction\":[{\"@type\":\"ReadAction\",\"target\":[\"https:\\\/\\\/watercutsl.com\\\/en\\\/watergreen\\\/\"]}]},{\"@type\":\"ImageObject\",\"inLanguage\":\"en-US\",\"@id\":\"https:\\\/\\\/watercutsl.com\\\/en\\\/watergreen\\\/#primaryimage\",\"url\":\"https:\\\/\\\/watercutsl.com\\\/content\\\/uploads\\\/2020\\\/07\\\/watergreen.jpg\",\"contentUrl\":\"https:\\\/\\\/watercutsl.com\\\/content\\\/uploads\\\/2020\\\/07\\\/watergreen.jpg\",\"width\":651,\"height\":411},{\"@type\":\"BreadcrumbList\",\"@id\":\"https:\\\/\\\/watercutsl.com\\\/en\\\/watergreen\\\/#breadcrumb\",\"itemListElement\":[{\"@type\":\"ListItem\",\"position\":1,\"name\":\"HOME\",\"item\":\"https:\\\/\\\/watercutsl.com\\\/en\\\/\"},{\"@type\":\"ListItem\",\"position\":2,\"name\":\"Company\",\"item\":\"https:\\\/\\\/watercutsl.com\\\/en\\\/company\\\/\"},{\"@type\":\"ListItem\",\"position\":3,\"name\":\"Watergreen\"}]},{\"@type\":\"WebSite\",\"@id\":\"https:\\\/\\\/watercutsl.com\\\/en\\\/#website\",\"url\":\"https:\\\/\\\/watercutsl.com\\\/en\\\/\",\"name\":\"Watercut\",\"description\":\"Somos una empresa especializada en el desarrollo y fabricaci\u00f3n de embalajes de alto rendimiento utilizando espumas t\u00e9cnicas de polietileno.\",\"potentialAction\":[{\"@type\":\"SearchAction\",\"target\":{\"@type\":\"EntryPoint\",\"urlTemplate\":\"https:\\\/\\\/watercutsl.com\\\/en\\\/?s={search_term_string}\"},\"query-input\":{\"@type\":\"PropertyValueSpecification\",\"valueRequired\":true,\"valueName\":\"search_term_string\"}}],\"inLanguage\":\"en-US\"}]}<\/script>\n<!-- \/ Yoast SEO plugin. -->","yoast_head_json":{"title":"Watergreen - Watercut","robots":{"index":"index","follow":"follow","max-snippet":"max-snippet:-1","max-image-preview":"max-image-preview:large","max-video-preview":"max-video-preview:-1"},"canonical":"https:\/\/watercutsl.com\/en\/watergreen\/","og_locale":"en_US","og_type":"article","og_title":"Watergreen - Watercut","og_description":"We promote circular manufacturing measures with innovative designs, recyclable materials, reusable and optimised packaging, always with costs in mind. We develop and implement environmentally-friendly packaging solutions, to achieve a circular economy by following the rules of the 7 Rs of sustainability: Reduce Reducing the number of products will generate less waste, resulting in less expense [&hellip;]","og_url":"https:\/\/watercutsl.com\/en\/watergreen\/","og_site_name":"Watercut","article_modified_time":"2021-05-04T09:12:25+00:00","og_image":[{"width":651,"height":411,"url":"https:\/\/watercutsl.com\/content\/uploads\/2020\/07\/watergreen.jpg","type":"image\/jpeg"}],"twitter_card":"summary_large_image","twitter_misc":{"Est. reading time":"1 minute"},"schema":{"@context":"https:\/\/schema.org","@graph":[{"@type":"WebPage","@id":"https:\/\/watercutsl.com\/en\/watergreen\/","url":"https:\/\/watercutsl.com\/en\/watergreen\/","name":"Watergreen - Watercut","isPartOf":{"@id":"https:\/\/watercutsl.com\/en\/#website"},"primaryImageOfPage":{"@id":"https:\/\/watercutsl.com\/en\/watergreen\/#primaryimage"},"image":{"@id":"https:\/\/watercutsl.com\/en\/watergreen\/#primaryimage"},"thumbnailUrl":"https:\/\/watercutsl.com\/content\/uploads\/2020\/07\/watergreen.jpg","datePublished":"2021-04-23T08:38:32+00:00","dateModified":"2021-05-04T09:12:25+00:00","breadcrumb":{"@id":"https:\/\/watercutsl.com\/en\/watergreen\/#breadcrumb"},"inLanguage":"en-US","potentialAction":[{"@type":"ReadAction","target":["https:\/\/watercutsl.com\/en\/watergreen\/"]}]},{"@type":"ImageObject","inLanguage":"en-US","@id":"https:\/\/watercutsl.com\/en\/watergreen\/#primaryimage","url":"https:\/\/watercutsl.com\/content\/uploads\/2020\/07\/watergreen.jpg","contentUrl":"https:\/\/watercutsl.com\/content\/uploads\/2020\/07\/watergreen.jpg","width":651,"height":411},{"@type":"BreadcrumbList","@id":"https:\/\/watercutsl.com\/en\/watergreen\/#breadcrumb","itemListElement":[{"@type":"ListItem","position":1,"name":"HOME","item":"https:\/\/watercutsl.com\/en\/"},{"@type":"ListItem","position":2,"name":"Company","item":"https:\/\/watercutsl.com\/en\/company\/"},{"@type":"ListItem","position":3,"name":"Watergreen"}]},{"@type":"WebSite","@id":"https:\/\/watercutsl.com\/en\/#website","url":"https:\/\/watercutsl.com\/en\/","name":"Watercut","description":"Somos una empresa especializada en el desarrollo y fabricaci\u00f3n de embalajes de alto rendimiento utilizando espumas t\u00e9cnicas de polietileno.","potentialAction":[{"@type":"SearchAction","target":{"@type":"EntryPoint","urlTemplate":"https:\/\/watercutsl.com\/en\/?s={search_term_string}"},"query-input":{"@type":"PropertyValueSpecification","valueRequired":true,"valueName":"search_term_string"}}],"inLanguage":"en-US"}]}},"rttpg_featured_image_url":{"full":["https:\/\/watercutsl.com\/content\/uploads\/2020\/07\/watergreen.jpg",651,411,false],"landscape":["https:\/\/watercutsl.com\/content\/uploads\/2020\/07\/watergreen.jpg",651,411,false],"portraits":["https:\/\/watercutsl.com\/content\/uploads\/2020\/07\/watergreen.jpg",651,411,false],"thumbnail":["https:\/\/watercutsl.com\/content\/uploads\/2020\/07\/watergreen-150x150.jpg",150,150,true],"medium":["https:\/\/watercutsl.com\/content\/uploads\/2020\/07\/watergreen-300x189.jpg",300,189,true],"large":["https:\/\/watercutsl.com\/content\/uploads\/2020\/07\/watergreen.jpg",640,404,false],"1536x1536":["https:\/\/watercutsl.com\/content\/uploads\/2020\/07\/watergreen.jpg",651,411,false],"2048x2048":["https:\/\/watercutsl.com\/content\/uploads\/2020\/07\/watergreen.jpg",651,411,false],"product-card":["https:\/\/watercutsl.com\/content\/uploads\/2020\/07\/watergreen-250x330.jpg",250,330,true]},"rttpg_author":{"display_name":"WatercutSL","author_link":"https:\/\/watercutsl.com\/en\/author\/watercut\/"},"rttpg_comment":0,"rttpg_category":" <a href=\"https:\/\/watercutsl.com\/en\/?taxonomy=translation_priority&#038;term=optional\" rel=\"tag\">Optional<\/a>","rttpg_excerpt":"We promote circular manufacturing measures with innovative designs, recyclable materials, reusable and optimised packaging, always with costs in mind. We develop and implement environmentally-friendly packaging solutions, to achieve a circular economy by following the rules of the 7 Rs of sustainability: Reduce Reducing the number of products will generate less waste, resulting in less expense&hellip;","_links":{"self":[{"href":"https:\/\/watercutsl.com\/en\/wp-json\/wp\/v2\/pages\/1539","targetHints":{"allow":["GET"]}}],"collection":[{"href":"https:\/\/watercutsl.com\/en\/wp-json\/wp\/v2\/pages"}],"about":[{"href":"https:\/\/watercutsl.com\/en\/wp-json\/wp\/v2\/types\/page"}],"author":[{"embeddable":true,"href":"https:\/\/watercutsl.com\/en\/wp-json\/wp\/v2\/users\/2"}],"replies":[{"embeddable":true,"href":"https:\/\/watercutsl.com\/en\/wp-json\/wp\/v2\/comments?post=1539"}],"version-history":[{"count":14,"href":"https:\/\/watercutsl.com\/en\/wp-json\/wp\/v2\/pages\/1539\/revisions"}],"predecessor-version":[{"id":1971,"href":"https:\/\/watercutsl.com\/en\/wp-json\/wp\/v2\/pages\/1539\/revisions\/1971"}],"up":[{"embeddable":true,"href":"https:\/\/watercutsl.com\/en\/wp-json\/wp\/v2\/pages\/1565"}],"wp:featuredmedia":[{"embeddable":true,"href":"https:\/\/watercutsl.com\/en\/wp-json\/wp\/v2\/media\/271"}],"wp:attachment":[{"href":"https:\/\/watercutsl.com\/en\/wp-json\/wp\/v2\/media?parent=1539"}],"curies":[{"name":"wp","href":"https:\/\/api.w.org\/{rel}","templated":true}]}}